{"id":18,"date":"2025-01-14T14:34:30","date_gmt":"2025-01-14T14:34:30","guid":{"rendered":"https:\/\/spynuasas.lt\/index.php\/skylink\/"},"modified":"2025-12-21T11:20:09","modified_gmt":"2025-12-21T11:20:09","slug":"skylink","status":"publish","type":"page","link":"https:\/\/spynuasas.lt\/","title":{"rendered":"Profesionalus spyn\u0173 keitimas ir remontas Kaune +37064619940"},"content":{"rendered":"\n<figure class=\"wp-block-image is-resized\"><img decoding=\"async\" src=\"https:\/\/spynuasas.lt\/wp-content\/uploads\/2021\/11\/key-3348307_1920-1024x576.jpg\" alt=\"The current image has no alternative text. The file name is: key-3348307_1920.jpg\" style=\"width:447px;height:auto\"\/><\/figure>\n\n\n\n<div class=\"wp-block-group alignfull is-layout-flow wp-container-core-group-is-layout-f9cb6abc wp-block-group-is-layout-flow\" style=\"margin-top:0;margin-bottom:0\">\n<div class=\"wp-block-columns alignfull is-not-stacked-on-mobile is-layout-flex wp-container-core-columns-is-layout-e154fb6a wp-block-columns-is-layout-flex\" style=\"margin-top:0;margin-bottom:0;padding-top:var(--wp--preset--spacing--40);padding-right:var(--wp--preset--spacing--40);padding-bottom:var(--wp--preset--spacing--80);padding-left:var(--wp--preset--spacing--40)\">\n<div class=\"wp-block-column is-layout-flow wp-block-column-is-layout-flow\" style=\"flex-basis:66.66%\">\n<div class=\"wp-block-group is-vertical is-content-justification-stretch is-layout-flex wp-container-core-group-is-layout-7e003bba wp-block-group-is-layout-flex\">\n<h2 class=\"wp-block-heading has-xx-large-font-size\">Profesionaliai atlieku spyn\u0173 keitim\u0105 ir remont\u0105 t\u0105 pa\u010di\u0105 dien\u0105, u\u017e s\u0105\u017eining\u0105 kain\u0105 ir su auk\u0161\u010diausia darb\u0173 kokybe.<\/h2>\n\n\n\n<p>\ud83d\udee0\ufe0f Atliekamos paslaugos:<\/p>\n\n\n\n<p>\u2714\ufe0f \u0160arvuot\u0173, plastikini\u0173 ir medini\u0173 dur\u0173 spyn\u0173 ir u\u017erakt\u0173 keitimas<\/p>\n\n\n\n<p>\u2714\ufe0f Dur\u0173 ranken\u0173 ir apyrak\u010di\u0173 keitimas<\/p>\n\n\n\n<p>\u2714\ufe0f Vidaus dur\u0173 spyn\u0173 ir ranken\u0173 montavimas<\/p>\n\n\n\n<p>\u2714\ufe0f Papildom\u0173 spyn\u0173 ir u\u017erakt\u0173 montavimas<\/p>\n\n\n\n<p>\u2714\ufe0f Dur\u0173 remonto ir reguliavimo darbai<\/p>\n\n\n\n<p>\u2714\ufe0f Sandarinimo tarpini\u0173 keitimas<\/p>\n\n\n\n<p>\u2714\ufe0f Plastikini\u0173 lang\u0173 ir dur\u0173 reguliavimas<\/p>\n\n\n\n<p>\u2714\ufe0f \u0160arvuot\u0173 dur\u0173 pilna vidin\u0117 apdaila<\/p>\n\n\n\n<p>Pagal j\u016bs\u0173 poreikius ir biud\u017eet\u0105 par\u016bpinu tinkamas spynas, tod\u0117l jums nereikia niekuo papildomai r\u016bpintis. Dirbu Kaune, Kauno rajone ir aplink esan\u010dius miestus. Teikiu kvalifikuotas konsultacijas telefonu.<\/p>\n\n\n\n<p>Kod\u0117l verta rinktis mane?<\/p>\n\n\n\n<p>\u2714\ufe0f 15 met\u0173 patirtis dirbant su durimis ir spynomis<\/p>\n\n\n\n<p>\u2714\ufe0f Suteikiama garantija visiems atliktiems darbams<\/p>\n\n\n\n<p>\u2714\ufe0f I\u0161ra\u0161omos s\u0105skaitos fakt\u016bros<\/p>\n\n\n\n<p>\u2714\ufe0f Tvarkinga, greita ir patikima paslauga<\/p>\n\n\n\n<div style=\"height:0px\" aria-hidden=\"true\" class=\"wp-block-spacer wp-container-content-273e683f\"><\/div>\n<\/div>\n<\/div>\n<\/div>\n\n\n\n<div class=\"wp-block-columns alignfull is-style-section-2 is-layout-flex wp-container-core-columns-is-layout-d9884270 wp-block-columns-is-layout-flex\" style=\"padding-top:0;padding-bottom:0\">\n<div class=\"wp-block-column is-layout-flow wp-block-column-is-layout-flow\" style=\"flex-basis:50%\"><\/div>\n\n\n\n<div class=\"wp-block-column is-layout-flow wp-block-column-is-layout-flow\" style=\"flex-basis:50%\"><\/div>\n<\/div>\n\n\n<style id=\"wpforms-css-vars-114-block-d7333a80-8d5f-46dc-9de1-0aa82121cb7d\">\n\t\t\t\t#wpforms-114.wpforms-block-d7333a80-8d5f-46dc-9de1-0aa82121cb7d {\n\t\t\t\t--wpforms-field-size-input-height: 43px;\n--wpforms-field-size-input-spacing: 15px;\n--wpforms-field-size-font-size: 16px;\n--wpforms-field-size-line-height: 19px;\n--wpforms-field-size-padding-h: 14px;\n--wpforms-field-size-checkbox-size: 16px;\n--wpforms-field-size-sublabel-spacing: 5px;\n--wpforms-field-size-icon-size: 1;\n--wpforms-label-size-font-size: 16px;\n--wpforms-label-size-line-height: 19px;\n--wpforms-label-size-sublabel-font-size: 14px;\n--wpforms-label-size-sublabel-line-height: 17px;\n--wpforms-button-size-font-size: 17px;\n--wpforms-button-size-height: 41px;\n--wpforms-button-size-padding-h: 15px;\n--wpforms-button-size-margin-top: 10px;\n\t\t\t}\n\t\t\t<\/style><div class=\"wpforms-container wpforms-container-full wpforms-block wpforms-block-d7333a80-8d5f-46dc-9de1-0aa82121cb7d wpforms-render-modern\" id=\"wpforms-114\"><form id=\"wpforms-form-114\" class=\"wpforms-validate wpforms-form wpforms-ajax-form\" data-formid=\"114\" method=\"post\" enctype=\"multipart\/form-data\" action=\"\/index.php\/wp-json\/wp\/v2\/pages\/18\" data-token=\"4a66aa00d54195d38bf0b3924b50beb9\" data-token-time=\"1777663110\"><noscript class=\"wpforms-error-noscript\">Please enable JavaScript in your browser to complete this form.<\/noscript><div id=\"wpforms-error-noscript\" style=\"display: none;\">Please enable JavaScript in your browser to complete this form.<\/div><div class=\"wpforms-field-container\"><div id=\"wpforms-114-field_1-container\" class=\"wpforms-field wpforms-field-name\" data-field-id=\"1\"><label class=\"wpforms-field-label\" for=\"wpforms-114-field_1\">U\u017esakovo vardas <span class=\"wpforms-required-label\" aria-hidden=\"true\">*<\/span><\/label><input type=\"text\" id=\"wpforms-114-field_1\" class=\"wpforms-field-medium wpforms-field-required\" name=\"wpforms[fields][1]\" aria-errormessage=\"wpforms-114-field_1-error\" required><\/div><div id=\"wpforms-114-field_2-container\" class=\"wpforms-field wpforms-field-email\" data-field-id=\"2\"><label class=\"wpforms-field-label\" for=\"wpforms-114-field_2\">el. pa\u0161tas <span class=\"wpforms-required-label\" aria-hidden=\"true\">*<\/span><\/label><input type=\"email\" id=\"wpforms-114-field_2\" class=\"wpforms-field-medium wpforms-field-required\" name=\"wpforms[fields][2]\" spellcheck=\"false\" aria-errormessage=\"wpforms-114-field_2-error\" required><\/div><div id=\"wpforms-114-field_7-container\" class=\"wpforms-field wpforms-field-number\" data-field-id=\"7\"><label class=\"wpforms-field-label\" for=\"wpforms-114-field_7\">Telefono numeris<\/label><input type=\"number\" id=\"wpforms-114-field_7\" class=\"wpforms-field-medium\" name=\"wpforms[fields][7]\" step=\"any\" aria-errormessage=\"wpforms-114-field_7-error\" ><\/div>\t\t<div id=\"wpforms-114-field_4-container\"\n\t\t\tclass=\"wpforms-field wpforms-field-text\"\n\t\t\tdata-field-type=\"text\"\n\t\t\tdata-field-id=\"4\"\n\t\t\t>\n\t\t\t<label class=\"wpforms-field-label\" for=\"wpforms-114-field_4\" >numeris Telefono apra\u0161ymas<\/label>\n\t\t\t<input type=\"text\" id=\"wpforms-114-field_4\" class=\"wpforms-field-medium\" name=\"wpforms[fields][4]\" >\n\t\t<\/div>\n\t\t<div id=\"wpforms-114-field_3-container\" class=\"wpforms-field wpforms-field-textarea\" data-field-id=\"3\"><label class=\"wpforms-field-label\" for=\"wpforms-114-field_3\">U\u017esakymo tipas ar norimos paslaugos apra\u0161ymas<\/label><textarea id=\"wpforms-114-field_3\" class=\"wpforms-field-medium\" name=\"wpforms[fields][3]\" aria-errormessage=\"wpforms-114-field_3-error\" ><\/textarea><\/div><script>\n\t\t\t\t( function() {\n\t\t\t\t\tconst style = document.createElement( 'style' );\n\t\t\t\t\tstyle.appendChild( document.createTextNode( '#wpforms-114-field_4-container { position: absolute !important; overflow: hidden !important; display: inline !important; height: 1px !important; width: 1px !important; z-index: -1000 !important; padding: 0 !important; } #wpforms-114-field_4-container input { visibility: hidden; } #wpforms-conversational-form-page #wpforms-114-field_4-container label { counter-increment: none; }' ) );\n\t\t\t\t\tdocument.head.appendChild( style );\n\t\t\t\t\tdocument.currentScript?.remove();\n\t\t\t\t} )();\n\t\t\t<\/script><\/div><!-- .wpforms-field-container --><div class=\"wpforms-submit-container\" ><input type=\"hidden\" name=\"wpforms[id]\" value=\"114\"><input type=\"hidden\" name=\"page_title\" value=\"\"><input type=\"hidden\" name=\"page_url\" value=\"https:\/\/spynuasas.lt\/index.php\/wp-json\/wp\/v2\/pages\/18\"><input type=\"hidden\" name=\"url_referer\" value=\"\"><button type=\"submit\" name=\"wpforms[submit]\" id=\"wpforms-submit-114\" class=\"wpforms-submit\" data-alt-text=\"Sending...\" data-submit-text=\"Submit\" aria-live=\"assertive\" value=\"wpforms-submit\">Submit<\/button><img loading=\"lazy\" decoding=\"async\" src=\"https:\/\/spynuasas.lt\/wp-content\/plugins\/wpforms-lite\/assets\/images\/submit-spin.svg\" class=\"wpforms-submit-spinner\" style=\"display: none;\" width=\"26\" height=\"26\" alt=\"Loading\"><\/div><\/form><\/div>  <!-- .wpforms-container --><\/div>\n","protected":false},"excerpt":{"rendered":"<p>Profesionaliai atlieku spyn\u0173 keitim\u0105 ir remont\u0105 t\u0105 pa\u010di\u0105 dien\u0105, u\u017e s\u0105\u017eining\u0105 kain\u0105 ir su auk\u0161\u010diausia darb\u0173 kokybe. \ud83d\udee0\ufe0f Atliekamos paslaugos: [&hellip;]<\/p>\n","protected":false},"author":1,"featured_media":7,"parent":0,"menu_order":0,"comment_status":"closed","ping_status":"closed","template":"","meta":{"om_disable_all_campaigns":false,"_monsterinsights_skip_tracking":false,"_monsterinsights_sitenote_active":false,"_monsterinsights_sitenote_note":"","_monsterinsights_sitenote_category":0,"site-sidebar-layout":"default","site-content-layout":"","ast-site-content-layout":"default","site-content-style":"default","site-sidebar-style":"default","ast-global-header-display":"","ast-banner-title-visibility":"","ast-main-header-display":"","ast-hfb-above-header-display":"","ast-hfb-below-header-display":"","ast-hfb-mobile-header-display":"","site-post-title":"","ast-breadcrumbs-content":"","ast-featured-img":"disabled","footer-sml-layout":"","ast-disable-related-posts":"","theme-transparent-header-meta":"","adv-header-id-meta":"","stick-header-meta":"","header-above-stick-meta":"","header-main-stick-meta":"","header-below-stick-meta":"","astra-migrate-meta-layouts":"default","ast-page-background-enabled":"default","ast-page-background-meta":{"desktop":{"background-color":"var(--ast-global-color-5)","background-image":"","background-repeat":"repeat","background-position":"center center","background-size":"auto","background-attachment":"scroll","background-type":"","background-media":"","overlay-type":"","overlay-color":"","overlay-opacity":"","overlay-gradient":""},"tablet":{"background-color":"","background-image":"","background-repeat":"repeat","background-position":"center center","background-size":"auto","background-attachment":"scroll","background-type":"","background-media":"","overlay-type":"","overlay-color":"","overlay-opacity":"","overlay-gradient":""},"mobile":{"background-color":"","background-image":"","background-repeat":"repeat","background-position":"center center","background-size":"auto","background-attachment":"scroll","background-type":"","background-media":"","overlay-type":"","overlay-color":"","overlay-opacity":"","overlay-gradient":""}},"ast-content-background-meta":{"desktop":{"background-color":"var(--ast-global-color-4)","background-image":"","background-repeat":"repeat","background-position":"center center","background-size":"auto","background-attachment":"scroll","background-type":"","background-media":"","overlay-type":"","overlay-color":"","overlay-opacity":"","overlay-gradient":""},"tablet":{"background-color":"var(--ast-global-color-4)","background-image":"","background-repeat":"repeat","background-position":"center center","background-size":"auto","background-attachment":"scroll","background-type":"","background-media":"","overlay-type":"","overlay-color":"","overlay-opacity":"","overlay-gradient":""},"mobile":{"background-color":"var(--ast-global-color-4)","background-image":"","background-repeat":"repeat","background-position":"center center","background-size":"auto","background-attachment":"scroll","background-type":"","background-media":"","overlay-type":"","overlay-color":"","overlay-opacity":"","overlay-gradient":""}},"footnotes":""},"class_list":["post-18","page","type-page","status-publish","has-post-thumbnail","hentry"],"aioseo_notices":[],"_links":{"self":[{"href":"https:\/\/spynuasas.lt\/index.php\/wp-json\/wp\/v2\/pages\/18","targetHints":{"allow":["GET"]}}],"collection":[{"href":"https:\/\/spynuasas.lt\/index.php\/wp-json\/wp\/v2\/pages"}],"about":[{"href":"https:\/\/spynuasas.lt\/index.php\/wp-json\/wp\/v2\/types\/page"}],"author":[{"embeddable":true,"href":"https:\/\/spynuasas.lt\/index.php\/wp-json\/wp\/v2\/users\/1"}],"replies":[{"embeddable":true,"href":"https:\/\/spynuasas.lt\/index.php\/wp-json\/wp\/v2\/comments?post=18"}],"version-history":[{"count":11,"href":"https:\/\/spynuasas.lt\/index.php\/wp-json\/wp\/v2\/pages\/18\/revisions"}],"predecessor-version":[{"id":150,"href":"https:\/\/spynuasas.lt\/index.php\/wp-json\/wp\/v2\/pages\/18\/revisions\/150"}],"wp:featuredmedia":[{"embeddable":true,"href":"https:\/\/spynuasas.lt\/index.php\/wp-json\/wp\/v2\/media\/7"}],"wp:attachment":[{"href":"https:\/\/spynuasas.lt\/index.php\/wp-json\/wp\/v2\/media?parent=18"}],"curies":[{"name":"wp","href":"https:\/\/api.w.org\/{rel}","templated":true}]}}